{"id":1250,"date":"2021-01-26T20:14:11","date_gmt":"2021-01-26T19:14:11","guid":{"rendered":"https:\/\/dhr-fly.fr\/?page_id=1250"},"modified":"2022-11-18T15:02:43","modified_gmt":"2022-11-18T14:02:43","slug":"contact","status":"publish","type":"page","link":"https:\/\/dhr-fly.fr\/index.php\/contact\/","title":{"rendered":"Contact"},"content":{"rendered":"\t\t<div data-elementor-type=\"wp-page\" data-elementor-id=\"1250\" class=\"elementor elementor-1250\" data-elementor-post-type=\"page\">\n\t\t\t\t\t\t<section class=\"elementor-section elementor-top-section elementor-element elementor-element-3ad47f4e elementor-section-boxed elementor-section-height-default elementor-section-height-default\" data-id=\"3ad47f4e\" data-element_type=\"section\" data-settings=\"{&quot;background_background&quot;:&quot;classic&quot;}\">\n\t\t\t\t\t\t<div class=\"elementor-container elementor-column-gap-default\">\n\t\t\t\t\t<div class=\"elementor-column elementor-col-100 elementor-top-column elementor-element elementor-element-74d1913b\" data-id=\"74d1913b\" data-element_type=\"column\">\n\t\t\t<div class=\"elementor-widget-wrap elementor-element-populated\">\n\t\t\t\t\t\t<div class=\"elementor-element elementor-element-1dae6bf9 elementor-widget elementor-widget-spacer\" data-id=\"1dae6bf9\" data-element_type=\"widget\" data-widget_type=\"spacer.default\">\n\t\t\t\t<div class=\"elementor-widget-container\">\n\t\t\t\t\t<div class=\"elementor-spacer\">\n\t\t\t<div class=\"elementor-spacer-inner\"><\/div>\n\t\t<\/div>\n\t\t\t\t<\/div>\n\t\t\t\t<\/div>\n\t\t\t\t<div class=\"elementor-element elementor-element-3667caef elementor-widget elementor-widget-heading\" data-id=\"3667caef\" data-element_type=\"widget\" data-widget_type=\"heading.default\">\n\t\t\t\t<div class=\"elementor-widget-container\">\n\t\t\t<h2 class=\"elementor-heading-title elementor-size-default\">Un projet ?<\/h2>\t\t<\/div>\n\t\t\t\t<\/div>\n\t\t\t\t\t<\/div>\n\t\t<\/div>\n\t\t\t\t\t<\/div>\n\t\t<\/section>\n\t\t\t\t<section class=\"elementor-section elementor-top-section elementor-element elementor-element-2b495744 elementor-section-boxed elementor-section-height-default elementor-section-height-default\" data-id=\"2b495744\" data-element_type=\"section\">\n\t\t\t\t\t\t<div class=\"elementor-container elementor-column-gap-wider\">\n\t\t\t\t\t<div class=\"elementor-column elementor-col-50 elementor-top-column elementor-element elementor-element-6587f25\" data-id=\"6587f25\" data-element_type=\"column\">\n\t\t\t<div class=\"elementor-widget-wrap elementor-element-populated\">\n\t\t\t\t\t\t<div class=\"elementor-element elementor-element-7942ff75 elementor-widget elementor-widget-heading\" data-id=\"7942ff75\" data-element_type=\"widget\" data-widget_type=\"heading.default\">\n\t\t\t\t<div class=\"elementor-widget-container\">\n\t\t\t<h2 class=\"elementor-heading-title elementor-size-default\">Envoyez nous un message !<\/h2>\t\t<\/div>\n\t\t\t\t<\/div>\n\t\t\t\t<section class=\"elementor-section elementor-inner-section elementor-element elementor-element-6904258 elementor-section-boxed elementor-section-height-default elementor-section-height-default\" data-id=\"6904258\" data-element_type=\"section\">\n\t\t\t\t\t\t<div class=\"elementor-container elementor-column-gap-default\">\n\t\t\t\t\t<div class=\"elementor-column elementor-col-50 elementor-inner-column elementor-element elementor-element-5e6ee8e6\" data-id=\"5e6ee8e6\" data-element_type=\"column\">\n\t\t\t<div class=\"elementor-widget-wrap elementor-element-populated\">\n\t\t\t\t\t\t<div class=\"elementor-element elementor-element-38348ad4 elementor-widget elementor-widget-heading\" data-id=\"38348ad4\" data-element_type=\"widget\" data-widget_type=\"heading.default\">\n\t\t\t\t<div class=\"elementor-widget-container\">\n\t\t\t<h4 class=\"elementor-heading-title elementor-size-default\">Email<\/h4>\t\t<\/div>\n\t\t\t\t<\/div>\n\t\t\t\t<div class=\"elementor-element elementor-element-50b465ec elementor-widget elementor-widget-text-editor\" data-id=\"50b465ec\" data-element_type=\"widget\" data-widget_type=\"text-editor.default\">\n\t\t\t\t<div class=\"elementor-widget-container\">\n\t\t\t\t\t\t\t<p><a href=\"mailto:contact@dhr-fly.fr\">contact@dhr-fly.fr<\/a><\/p>\t\t\t\t\t\t<\/div>\n\t\t\t\t<\/div>\n\t\t\t\t\t<\/div>\n\t\t<\/div>\n\t\t\t\t<div class=\"elementor-column elementor-col-50 elementor-inner-column elementor-element elementor-element-1038803\" data-id=\"1038803\" data-element_type=\"column\">\n\t\t\t<div class=\"elementor-widget-wrap elementor-element-populated\">\n\t\t\t\t\t\t<div class=\"elementor-element elementor-element-18172ccb elementor-widget elementor-widget-heading\" data-id=\"18172ccb\" data-element_type=\"widget\" data-widget_type=\"heading.default\">\n\t\t\t\t<div class=\"elementor-widget-container\">\n\t\t\t<h4 class=\"elementor-heading-title elementor-size-default\">T\u00e9l\u00e9phone<\/h4>\t\t<\/div>\n\t\t\t\t<\/div>\n\t\t\t\t<div class=\"elementor-element elementor-element-44d1a49b elementor-widget elementor-widget-text-editor\" data-id=\"44d1a49b\" data-element_type=\"widget\" data-widget_type=\"text-editor.default\">\n\t\t\t\t<div class=\"elementor-widget-container\">\n\t\t\t\t\t\t\t<p>06.34.42.05.21<\/p>\t\t\t\t\t\t<\/div>\n\t\t\t\t<\/div>\n\t\t\t\t\t<\/div>\n\t\t<\/div>\n\t\t\t\t\t<\/div>\n\t\t<\/section>\n\t\t\t\t<section class=\"elementor-section elementor-inner-section elementor-element elementor-element-4aee7385 elementor-section-boxed elementor-section-height-default elementor-section-height-default\" data-id=\"4aee7385\" data-element_type=\"section\">\n\t\t\t\t\t\t<div class=\"elementor-container elementor-column-gap-default\">\n\t\t\t\t\t<div class=\"elementor-column elementor-col-50 elementor-inner-column elementor-element elementor-element-16cfcaba\" data-id=\"16cfcaba\" data-element_type=\"column\">\n\t\t\t<div class=\"elementor-widget-wrap elementor-element-populated\">\n\t\t\t\t\t\t<div class=\"elementor-element elementor-element-1f066592 elementor-widget elementor-widget-heading\" data-id=\"1f066592\" data-element_type=\"widget\" data-widget_type=\"heading.default\">\n\t\t\t\t<div class=\"elementor-widget-container\">\n\t\t\t<h4 class=\"elementor-heading-title elementor-size-default\">Adresse<\/h4>\t\t<\/div>\n\t\t\t\t<\/div>\n\t\t\t\t<div class=\"elementor-element elementor-element-2ddb54bc elementor-widget elementor-widget-text-editor\" data-id=\"2ddb54bc\" data-element_type=\"widget\" data-widget_type=\"text-editor.default\">\n\t\t\t\t<div class=\"elementor-widget-container\">\n\t\t\t\t\t\t\t<p>126 Cours Emile Zola<\/p><p>69100 VILLEURBANNE<\/p>\t\t\t\t\t\t<\/div>\n\t\t\t\t<\/div>\n\t\t\t\t\t<\/div>\n\t\t<\/div>\n\t\t\t\t<div class=\"elementor-column elementor-col-50 elementor-inner-column elementor-element elementor-element-799d9478\" data-id=\"799d9478\" data-element_type=\"column\">\n\t\t\t<div class=\"elementor-widget-wrap elementor-element-populated\">\n\t\t\t\t\t\t<div class=\"elementor-element elementor-element-4d4c66f6 elementor-icon-list--layout-inline elementor-list-item-link-full_width elementor-widget elementor-widget-icon-list\" data-id=\"4d4c66f6\" data-element_type=\"widget\" data-widget_type=\"icon-list.default\">\n\t\t\t\t<div class=\"elementor-widget-container\">\n\t\t\t\t\t<ul class=\"elementor-icon-list-items elementor-inline-items\">\n\t\t\t\t\t\t\t<li class=\"elementor-icon-list-item elementor-inline-item\">\n\t\t\t\t\t\t\t\t\t\t\t<a href=\"https:\/\/www.instagram.com\/dhr_fly\/\">\n\n\t\t\t\t\t\t\t\t\t\t\t\t<span class=\"elementor-icon-list-icon\">\n\t\t\t\t\t\t\t<i aria-hidden=\"true\" class=\"fab fa-instagram\"><\/i>\t\t\t\t\t\t<\/span>\n\t\t\t\t\t\t\t\t\t\t<span class=\"elementor-icon-list-text\"><\/span>\n\t\t\t\t\t\t\t\t\t\t\t<\/a>\n\t\t\t\t\t\t\t\t\t<\/li>\n\t\t\t\t\t\t\t\t<li class=\"elementor-icon-list-item elementor-inline-item\">\n\t\t\t\t\t\t\t\t\t\t\t<a href=\"https:\/\/www.youtube.com\/channel\/UCgSVXt8r6NeWdZEg3QkxK_A\">\n\n\t\t\t\t\t\t\t\t\t\t\t\t<span class=\"elementor-icon-list-icon\">\n\t\t\t\t\t\t\t<i aria-hidden=\"true\" class=\"fab fa-youtube\"><\/i>\t\t\t\t\t\t<\/span>\n\t\t\t\t\t\t\t\t\t\t<span class=\"elementor-icon-list-text\"><\/span>\n\t\t\t\t\t\t\t\t\t\t\t<\/a>\n\t\t\t\t\t\t\t\t\t<\/li>\n\t\t\t\t\t\t<\/ul>\n\t\t\t\t<\/div>\n\t\t\t\t<\/div>\n\t\t\t\t\t<\/div>\n\t\t<\/div>\n\t\t\t\t\t<\/div>\n\t\t<\/section>\n\t\t\t\t\t<\/div>\n\t\t<\/div>\n\t\t\t\t<div class=\"elementor-column elementor-col-50 elementor-top-column elementor-element elementor-element-70993b1c\" data-id=\"70993b1c\" data-element_type=\"column\">\n\t\t\t<div class=\"elementor-widget-wrap elementor-element-populated\">\n\t\t\t\t\t\t<div class=\"elementor-element elementor-element-be7efcd elementor-widget elementor-widget-wpforms\" data-id=\"be7efcd\" data-element_type=\"widget\" data-widget_type=\"wpforms.default\">\n\t\t\t\t<div class=\"elementor-widget-container\">\n\t\t\t<div class=\"wpforms-container wpforms-container-full\" id=\"wpforms-6742\"><form id=\"wpforms-form-6742\" class=\"wpforms-validate wpforms-form wpforms-ajax-form\" data-formid=\"6742\" method=\"post\" enctype=\"multipart\/form-data\" action=\"\/index.php\/wp-json\/wp\/v2\/pages\/1250\" data-token=\"730ca17a3449a81da052e15e838b0df1\"><noscript class=\"wpforms-error-noscript\">Veuillez activer JavaScript dans votre navigateur pour remplir ce formulaire.<\/noscript><div class=\"wpforms-field-container\"><div id=\"wpforms-6742-field_1-container\" class=\"wpforms-field wpforms-field-name\" data-field-id=\"1\"><label class=\"wpforms-field-label\" for=\"wpforms-6742-field_1\">Nom <span class=\"wpforms-required-label\">*<\/span><\/label><input type=\"text\" id=\"wpforms-6742-field_1\" class=\"wpforms-field-small wpforms-field-required\" name=\"wpforms[fields][1]\" required><\/div><div id=\"wpforms-6742-field_2-container\" class=\"wpforms-field wpforms-field-textarea\" data-field-id=\"2\"><label class=\"wpforms-field-label\" for=\"wpforms-6742-field_2\">Message <span class=\"wpforms-required-label\">*<\/span><\/label><textarea id=\"wpforms-6742-field_2\" class=\"wpforms-field-medium wpforms-field-required\" name=\"wpforms[fields][2]\" required><\/textarea><\/div><\/div><!-- .wpforms-field-container --><div class=\"wpforms-submit-container\" ><input type=\"hidden\" name=\"wpforms[id]\" value=\"6742\"><input type=\"hidden\" name=\"wpforms[author]\" value=\"1\"><button type=\"submit\" name=\"wpforms[submit]\" id=\"wpforms-submit-6742\" class=\"wpforms-submit\" data-alt-text=\"Envoi...\" data-submit-text=\"Envoyer\" aria-live=\"assertive\" value=\"wpforms-submit\">Envoyer<\/button><img decoding=\"async\" src=\"https:\/\/dhr-fly.fr\/wp-content\/plugins\/wpforms\/assets\/images\/submit-spin.svg\" class=\"wpforms-submit-spinner\" style=\"display: none;\" width=\"26\" height=\"26\" alt=\"Chargement en cours\"><\/div><\/form><\/div>  <!-- .wpforms-container -->\t\t<\/div>\n\t\t\t\t<\/div>\n\t\t\t\t\t<\/div>\n\t\t<\/div>\n\t\t\t\t\t<\/div>\n\t\t<\/section>\n\t\t\t\t<section class=\"elementor-section elementor-top-section elementor-element elementor-element-d265303 elementor-section-boxed elementor-section-height-default elementor-section-height-default\" data-id=\"d265303\" data-element_type=\"section\">\n\t\t\t\t\t\t<div class=\"elementor-container elementor-column-gap-default\">\n\t\t\t\t\t<div class=\"elementor-column elementor-col-100 elementor-top-column elementor-element elementor-element-9827c36\" data-id=\"9827c36\" data-element_type=\"column\">\n\t\t\t<div class=\"elementor-widget-wrap elementor-element-populated\">\n\t\t\t\t\t\t<div class=\"elementor-element elementor-element-7af9bf3 elementor-widget elementor-widget-text-editor\" data-id=\"7af9bf3\" data-element_type=\"widget\" data-widget_type=\"text-editor.default\">\n\t\t\t\t<div class=\"elementor-widget-container\">\n\t\t\t\t\t\t\t<pre class=\"ti-widget\" style=\"display: none\"><div class=\"ti-widget ti-goog ti-review-text-mode-readmore ti-content-align-center\" data-no-translation=\"true\" data-layout-id=\"39\" data-set-id=\"light-background-image\" data-pid=\"\" data-pager-autoplay-timeout=\"6\" data-language=\"fr\" > <div class=\"ti-widget-container ti-col-3\"> <div class=\"ti-reviews-container\"> <div class=\"ti-controls\"> <div class=\"ti-next\" aria-label=\"Avis suivante\" role=\"button\"><\/div> <div class=\"ti-prev\" aria-label=\"Avis pr\u00e9c\u00e9dent\" role=\"button\"><\/div> <\/div> <div class=\"ti-reviews-container-wrapper\">  <div data-empty=\"0\" class=\"ti-review-item source-Google\" > <div class=\"ti-inner\"> <div class=\"ti-review-content\"> <span class=\"ti-stars\"><span class=\"ti-star f\"><\/span><span class=\"ti-star f\"><\/span><span class=\"ti-star f\"><\/span><span class=\"ti-star f\"><\/span><span class=\"ti-star f\"><\/span><\/span> <div class=\"ti-review-text-container ti-review-text\"><!-- R-CONTENT -->Tr\u00e8s satisfait de l\u2019intervention de DHR \u00e0 mon domicile pour l\u2019inspection de la toiture et les prises de vue a\u00e9riennes.\nDisponible, professionnel et tarif comp\u00e9titif.<!-- R-CONTENT --><\/div> <span class=\"ti-read-more\" data-container=\".ti-review-text\" data-collapse-text=\"Cacher\" data-open-text=\"Lire la suite\" ><\/span> <\/div> <\/div> <div class=\"ti-review-header\"> <div class=\"ti-profile-img\"> <img decoding=\"async\" src=\"https:\/\/lh3.googleusercontent.com\/a-\/AD5-WCmzvmUrFLbRTMZELdkZIABivF-YcrlADge4EZ63IA=s120-c-c-rp-w64-h64-mo-br100\" alt=\"Lionel C.\" \/> <\/div> <div class=\"ti-profile-details\"> <div class=\"ti-name\"> Lionel C. <\/div> <div class=\"ti-date\">2023-02-16<\/div> <\/div> <\/div> <\/div>  <div data-empty=\"0\" class=\"ti-review-item source-Google\" > <div class=\"ti-inner\"> <div class=\"ti-review-content\"> <span class=\"ti-stars\"><span class=\"ti-star f\"><\/span><span class=\"ti-star f\"><\/span><span class=\"ti-star f\"><\/span><span class=\"ti-star f\"><\/span><span class=\"ti-star f\"><\/span><\/span> <div class=\"ti-review-text-container ti-review-text\"><!-- R-CONTENT -->Benjamin est tr\u00e8s professionnel et a r\u00e9alis\u00e9 une vid\u00e9o qui est sur mon site, pour un domaine \u00e0 vendre \u00e0 Estrablin.\nMerci pour la qualit\u00e9 de votre travail, je recommande sans h\u00e9siter.<!-- R-CONTENT --><\/div> <span class=\"ti-read-more\" data-container=\".ti-review-text\" data-collapse-text=\"Cacher\" data-open-text=\"Lire la suite\" ><\/span> <\/div> <\/div> <div class=\"ti-review-header\"> <div class=\"ti-profile-img\"> <img decoding=\"async\" src=\"https:\/\/lh3.googleusercontent.com\/a-\/AD5-WCkVgpJnu9xopmKdzhCjGfrYleLuPjJbnqjY6oQ1=s120-c-c-rp-w64-h64-mo-br100\" alt=\"CHB Immo\" \/> <\/div> <div class=\"ti-profile-details\"> <div class=\"ti-name\"> CHB Immo <\/div> <div class=\"ti-date\">2022-12-06<\/div> <\/div> <\/div> <\/div>  <div data-empty=\"0\" class=\"ti-review-item source-Google\" > <div class=\"ti-inner\"> <div class=\"ti-review-content\"> <span class=\"ti-stars\"><span class=\"ti-star f\"><\/span><span class=\"ti-star f\"><\/span><span class=\"ti-star f\"><\/span><span class=\"ti-star f\"><\/span><span class=\"ti-star f\"><\/span><\/span> <div class=\"ti-review-text-container ti-review-text\"><!-- R-CONTENT -->Benjamin a r\u00e9alis\u00e9 pour mon agence, une vid\u00e9o de promotion, tourn\u00e9e avec son dr\u00f4ne, lors d'un \u00e9v\u00e8nement.\nLe rendu \u00e9tait superbe !\nBenjamin a \u00e9t\u00e9 disponible, professionnel et \u00e0 l'\u00e9coute.\n\nIl a un \u0153il tr\u00e8s cr\u00e9atif, je pense refaire appel \u00e0 lui tr\u00e8s bient\u00f4t !<!-- R-CONTENT --><\/div> <span class=\"ti-read-more\" data-container=\".ti-review-text\" data-collapse-text=\"Cacher\" data-open-text=\"Lire la suite\" ><\/span> <\/div> <\/div> <div class=\"ti-review-header\"> <div class=\"ti-profile-img\"> <img decoding=\"async\" src=\"https:\/\/lh3.googleusercontent.com\/a-\/AD5-WCno049fzjDL6R0yuQhZUkh2WHtUUYZ36J-rihUqN-k=s120-c-c-rp-w64-h64-mo-br100\" alt=\"Jessica Mirailles\" \/> <\/div> <div class=\"ti-profile-details\"> <div class=\"ti-name\"> Jessica Mirailles <\/div> <div class=\"ti-date\">2022-10-13<\/div> <\/div> <\/div> <\/div>  <div data-empty=\"0\" class=\"ti-review-item source-Google\" > <div class=\"ti-inner\"> <div class=\"ti-review-content\"> <span class=\"ti-stars\"><span class=\"ti-star f\"><\/span><span class=\"ti-star f\"><\/span><span class=\"ti-star f\"><\/span><span class=\"ti-star f\"><\/span><span class=\"ti-star f\"><\/span><\/span> <div class=\"ti-review-text-container ti-review-text\"><!-- R-CONTENT -->Benjamin apporte une corde suppl\u00e9mentaire \u00e0 notre arc gr\u00e2ce sa proposition de r\u00e9alisation de reportage vid\u00e9o via un survol drone !! S\u00e9rieux et r\u00e9actif, il offre des prestations de qualit\u00e9s et est toujours \u00e0 l'\u00e9coute de nos souhaits. Je recommande vivement!!<!-- R-CONTENT --><\/div> <span class=\"ti-read-more\" data-container=\".ti-review-text\" data-collapse-text=\"Cacher\" data-open-text=\"Lire la suite\" ><\/span> <\/div> <\/div> <div class=\"ti-review-header\"> <div class=\"ti-profile-img\"> <img decoding=\"async\" src=\"https:\/\/lh3.googleusercontent.com\/a-\/AD5-WCnv7IxcfjeONVxZUqRzVC3e8LQnEY4knV5897E2=s120-c-c-rp-w64-h64-mo-br100\" alt=\"CAFIMM CAFIMM\" \/> <\/div> <div class=\"ti-profile-details\"> <div class=\"ti-name\"> CAFIMM CAFIMM <\/div> <div class=\"ti-date\">2022-10-12<\/div> <\/div> <\/div> <\/div>  <\/div> <div class=\"ti-controls-line\"> <div class=\"dot\"><\/div> <\/div> <\/div>   <\/div> <\/div> <\/pre>\t\t\t\t\t\t<\/div>\n\t\t\t\t<\/div>\n\t\t\t\t\t<\/div>\n\t\t<\/div>\n\t\t\t\t\t<\/div>\n\t\t<\/section>\n\t\t\t\t<section class=\"elementor-section elementor-top-section elementor-element elementor-element-a72aa05 elementor-section-full_width elementor-section-stretched elementor-section-height-default elementor-section-height-default\" data-id=\"a72aa05\" data-element_type=\"section\" data-settings=\"{&quot;stretch_section&quot;:&quot;section-stretched&quot;}\">\n\t\t\t\t\t\t<div class=\"elementor-container elementor-column-gap-no\">\n\t\t\t\t\t<div class=\"elementor-column elementor-col-100 elementor-top-column elementor-element elementor-element-0c1fba9\" data-id=\"0c1fba9\" data-element_type=\"column\">\n\t\t\t<div class=\"elementor-widget-wrap elementor-element-populated\">\n\t\t\t\t\t\t<div class=\"elementor-element elementor-element-7a00c27 elementor-widget elementor-widget-google_maps\" data-id=\"7a00c27\" data-element_type=\"widget\" data-widget_type=\"google_maps.default\">\n\t\t\t\t<div class=\"elementor-widget-container\">\n\t\t\t\t\t<div class=\"elementor-custom-embed\">\n\t\t\t<iframe loading=\"lazy\"\n\t\t\t\t\tsrc=\"https:\/\/maps.google.com\/maps?q=126%20cours%20emile%20zola%2069100%20villeurbanne&#038;t=m&#038;z=12&#038;output=embed&#038;iwloc=near\"\n\t\t\t\t\ttitle=\"126 cours emile zola 69100 villeurbanne\"\n\t\t\t\t\taria-label=\"126 cours emile zola 69100 villeurbanne\"\n\t\t\t><\/iframe>\n\t\t<\/div>\n\t\t\t\t<\/div>\n\t\t\t\t<\/div>\n\t\t\t\t\t<\/div>\n\t\t<\/div>\n\t\t\t\t\t<\/div>\n\t\t<\/section>\n\t\t\t\t<\/div>\n\t\t","protected":false},"excerpt":{"rendered":"<p>Un projet ? Envoyez nous un message ! Email contact@dhr-fly.fr T\u00e9l\u00e9phone 06.34.42.05.21 Adresse 126 Cours Emile Zola 69100 VILLEURBANNE<\/p>\n","protected":false},"author":1,"featured_media":0,"parent":0,"menu_order":0,"comment_status":"closed","ping_status":"closed","template":"page-templates\/full-width-no-title.php","meta":{"footnotes":""},"class_list":["post-1250","page","type-page","status-publish","hentry"],"yoast_head":"<!-- This site is optimized with the Yoast SEO plugin v23.3 - https:\/\/yoast.com\/wordpress\/plugins\/seo\/ -->\n<title>Parlons de votre projet et demandez votre devis | DHR-FLY<\/title>\n<meta name=\"description\" content=\"Venez nous poser vos questions, ou parlons d&#039;une future collaboration. 06.34.42.05.21\" \/>\n<meta name=\"robots\" content=\"index, follow, max-snippet:-1, max-image-preview:large, max-video-preview:-1\" \/>\n<link rel=\"canonical\" href=\"https:\/\/dhr-fly.fr\/index.php\/contact\/\" \/>\n<meta property=\"og:locale\" content=\"fr_FR\" \/>\n<meta property=\"og:type\" content=\"article\" \/>\n<meta property=\"og:title\" content=\"Parlons de votre projet et demandez votre devis | DHR-FLY\" \/>\n<meta property=\"og:description\" content=\"Venez nous poser vos questions, ou parlons d&#039;une future collaboration. 06.34.42.05.21\" \/>\n<meta property=\"og:url\" content=\"https:\/\/dhr-fly.fr\/index.php\/contact\/\" \/>\n<meta property=\"og:site_name\" content=\"DHR-FLY\" \/>\n<meta property=\"article:modified_time\" content=\"2022-11-18T14:02:43+00:00\" \/>\n<meta name=\"twitter:card\" content=\"summary_large_image\" \/>\n<meta name=\"twitter:label1\" content=\"Dur\u00e9e de lecture estim\u00e9e\" \/>\n\t<meta name=\"twitter:data1\" content=\"4 minutes\" \/>\n<script type=\"application\/ld+json\" class=\"yoast-schema-graph\">{\"@context\":\"https:\/\/schema.org\",\"@graph\":[{\"@type\":\"WebPage\",\"@id\":\"https:\/\/dhr-fly.fr\/index.php\/contact\/\",\"url\":\"https:\/\/dhr-fly.fr\/index.php\/contact\/\",\"name\":\"Parlons de votre projet et demandez votre devis | DHR-FLY\",\"isPartOf\":{\"@id\":\"https:\/\/dhr-fly.fr\/#website\"},\"datePublished\":\"2021-01-26T19:14:11+00:00\",\"dateModified\":\"2022-11-18T14:02:43+00:00\",\"description\":\"Venez nous poser vos questions, ou parlons d'une future collaboration. 06.34.42.05.21\",\"breadcrumb\":{\"@id\":\"https:\/\/dhr-fly.fr\/index.php\/contact\/#breadcrumb\"},\"inLanguage\":\"fr-FR\",\"potentialAction\":[{\"@type\":\"ReadAction\",\"target\":[\"https:\/\/dhr-fly.fr\/index.php\/contact\/\"]}]},{\"@type\":\"BreadcrumbList\",\"@id\":\"https:\/\/dhr-fly.fr\/index.php\/contact\/#breadcrumb\",\"itemListElement\":[{\"@type\":\"ListItem\",\"position\":1,\"name\":\"Accueil\",\"item\":\"https:\/\/dhr-fly.fr\/\"},{\"@type\":\"ListItem\",\"position\":2,\"name\":\"Contact\"}]},{\"@type\":\"WebSite\",\"@id\":\"https:\/\/dhr-fly.fr\/#website\",\"url\":\"https:\/\/dhr-fly.fr\/\",\"name\":\"DHR-FLY\",\"description\":\"Professionnel du drone\",\"publisher\":{\"@id\":\"https:\/\/dhr-fly.fr\/#organization\"},\"potentialAction\":[{\"@type\":\"SearchAction\",\"target\":{\"@type\":\"EntryPoint\",\"urlTemplate\":\"https:\/\/dhr-fly.fr\/?s={search_term_string}\"},\"query-input\":\"required name=search_term_string\"}],\"inLanguage\":\"fr-FR\"},{\"@type\":\"Organization\",\"@id\":\"https:\/\/dhr-fly.fr\/#organization\",\"name\":\"DHR-FLY\",\"url\":\"https:\/\/dhr-fly.fr\/\",\"logo\":{\"@type\":\"ImageObject\",\"inLanguage\":\"fr-FR\",\"@id\":\"https:\/\/dhr-fly.fr\/#\/schema\/logo\/image\/\",\"url\":\"https:\/\/dhr-fly.fr\/wp-content\/uploads\/2021\/01\/DHR.png\",\"contentUrl\":\"https:\/\/dhr-fly.fr\/wp-content\/uploads\/2021\/01\/DHR.png\",\"width\":1323,\"height\":679,\"caption\":\"DHR-FLY\"},\"image\":{\"@id\":\"https:\/\/dhr-fly.fr\/#\/schema\/logo\/image\/\"}}]}<\/script>\n<!-- \/ Yoast SEO plugin. -->","yoast_head_json":{"title":"Parlons de votre projet et demandez votre devis | DHR-FLY","description":"Venez nous poser vos questions, ou parlons d'une future collaboration. 06.34.42.05.21","robots":{"index":"index","follow":"follow","max-snippet":"max-snippet:-1","max-image-preview":"max-image-preview:large","max-video-preview":"max-video-preview:-1"},"canonical":"https:\/\/dhr-fly.fr\/index.php\/contact\/","og_locale":"fr_FR","og_type":"article","og_title":"Parlons de votre projet et demandez votre devis | DHR-FLY","og_description":"Venez nous poser vos questions, ou parlons d'une future collaboration. 06.34.42.05.21","og_url":"https:\/\/dhr-fly.fr\/index.php\/contact\/","og_site_name":"DHR-FLY","article_modified_time":"2022-11-18T14:02:43+00:00","twitter_card":"summary_large_image","twitter_misc":{"Dur\u00e9e de lecture estim\u00e9e":"4 minutes"},"schema":{"@context":"https:\/\/schema.org","@graph":[{"@type":"WebPage","@id":"https:\/\/dhr-fly.fr\/index.php\/contact\/","url":"https:\/\/dhr-fly.fr\/index.php\/contact\/","name":"Parlons de votre projet et demandez votre devis | DHR-FLY","isPartOf":{"@id":"https:\/\/dhr-fly.fr\/#website"},"datePublished":"2021-01-26T19:14:11+00:00","dateModified":"2022-11-18T14:02:43+00:00","description":"Venez nous poser vos questions, ou parlons d'une future collaboration. 06.34.42.05.21","breadcrumb":{"@id":"https:\/\/dhr-fly.fr\/index.php\/contact\/#breadcrumb"},"inLanguage":"fr-FR","potentialAction":[{"@type":"ReadAction","target":["https:\/\/dhr-fly.fr\/index.php\/contact\/"]}]},{"@type":"BreadcrumbList","@id":"https:\/\/dhr-fly.fr\/index.php\/contact\/#breadcrumb","itemListElement":[{"@type":"ListItem","position":1,"name":"Accueil","item":"https:\/\/dhr-fly.fr\/"},{"@type":"ListItem","position":2,"name":"Contact"}]},{"@type":"WebSite","@id":"https:\/\/dhr-fly.fr\/#website","url":"https:\/\/dhr-fly.fr\/","name":"DHR-FLY","description":"Professionnel du drone","publisher":{"@id":"https:\/\/dhr-fly.fr\/#organization"},"potentialAction":[{"@type":"SearchAction","target":{"@type":"EntryPoint","urlTemplate":"https:\/\/dhr-fly.fr\/?s={search_term_string}"},"query-input":"required name=search_term_string"}],"inLanguage":"fr-FR"},{"@type":"Organization","@id":"https:\/\/dhr-fly.fr\/#organization","name":"DHR-FLY","url":"https:\/\/dhr-fly.fr\/","logo":{"@type":"ImageObject","inLanguage":"fr-FR","@id":"https:\/\/dhr-fly.fr\/#\/schema\/logo\/image\/","url":"https:\/\/dhr-fly.fr\/wp-content\/uploads\/2021\/01\/DHR.png","contentUrl":"https:\/\/dhr-fly.fr\/wp-content\/uploads\/2021\/01\/DHR.png","width":1323,"height":679,"caption":"DHR-FLY"},"image":{"@id":"https:\/\/dhr-fly.fr\/#\/schema\/logo\/image\/"}}]}},"featured_media_urls":[],"_links":{"self":[{"href":"https:\/\/dhr-fly.fr\/index.php\/wp-json\/wp\/v2\/pages\/1250","targetHints":{"allow":["GET"]}}],"collection":[{"href":"https:\/\/dhr-fly.fr\/index.php\/wp-json\/wp\/v2\/pages"}],"about":[{"href":"https:\/\/dhr-fly.fr\/index.php\/wp-json\/wp\/v2\/types\/page"}],"author":[{"embeddable":true,"href":"https:\/\/dhr-fly.fr\/index.php\/wp-json\/wp\/v2\/users\/1"}],"replies":[{"embeddable":true,"href":"https:\/\/dhr-fly.fr\/index.php\/wp-json\/wp\/v2\/comments?post=1250"}],"version-history":[{"count":69,"href":"https:\/\/dhr-fly.fr\/index.php\/wp-json\/wp\/v2\/pages\/1250\/revisions"}],"predecessor-version":[{"id":6934,"href":"https:\/\/dhr-fly.fr\/index.php\/wp-json\/wp\/v2\/pages\/1250\/revisions\/6934"}],"wp:attachment":[{"href":"https:\/\/dhr-fly.fr\/index.php\/wp-json\/wp\/v2\/media?parent=1250"}],"curies":[{"name":"wp","href":"https:\/\/api.w.org\/{rel}","templated":true}]}}